{"id":173,"date":"2025-08-02T20:56:41","date_gmt":"2025-08-02T20:56:41","guid":{"rendered":"https:\/\/alemello.com.br\/investfort\/?page_id=173"},"modified":"2025-08-09T20:35:33","modified_gmt":"2025-08-09T20:35:33","slug":"politicascompliance","status":"publish","type":"page","link":"https:\/\/alemello.com.br\/investfort\/politicascompliance\/","title":{"rendered":"Pol\u00edticas e Compliance"},"content":{"rendered":"\n<div id=\"politicas\" class=\"wp-block-group has-global-padding is-layout-constrained wp-container-core-group-is-layout-0791cb3b wp-block-group-is-layout-constrained\" style=\"margin-bottom:var(--wp--preset--spacing--small)\">\n<p class=\"has-text-align-left has-custom-333333-color has-text-color has-link-color has-medium-font-size wp-elements-7fc9d6e749dbef2398633bca27af3826\" style=\"font-style:normal;font-weight:400\">A Investfort Gest\u00e3o de Investimentos Ltda, CNPJ 11.313.045\/0001-32, \u00e9 credenciada pela CVM atrav\u00e9s do Ato Declarat\u00f3rio n\u00ba 10.932, de 15\/03\/2010, e aderente aos C\u00f3digos de Regula\u00e7\u00e3o e Melhores Pr\u00e1ticas da ANBIMA.<\/p>\n\n\n\n<p class=\"has-text-align-left has-custom-333333-color has-text-color has-link-color has-medium-font-size wp-elements-29dc6c8311248cf0e78ddf4eb35caed9\" style=\"font-style:normal;font-weight:400\">Com o objetivo de garantir a conformidade com a regulamenta\u00e7\u00e3o vigente, disponibilizamos os seguintes documentos:<\/p>\n\n\n\n<p class=\"has-text-align-left\"><\/p>\n<\/div>\n\n\n\n<p class=\"has-accent-text-color has-text-color has-link-color wp-elements-4b3086fa0d257ecb2e6e2f70838e8d6d\" style=\"margin-top:0\">Com o objetivo de garantir a conformidade com a regulamenta\u00e7\u00e3o vigente, disponibilizamos os seguintes documentos<\/p>\n\n\n\n<div class=\"wp-block-group is-layout-grid wp-container-core-group-is-layout-847d6927 wp-block-group-is-layout-grid\" style=\"border-style:none;border-width:0px;margin-top:var(--wp--preset--spacing--medium)\">\n<div class=\"wp-block-group wp-container-content-7ed1b8cc has-global-padding is-layout-constrained wp-container-core-group-is-layout-a575f136 wp-block-group-is-layout-constrained\" style=\"border-style:none;border-width:0px;padding-top:var(--wp--preset--spacing--small);padding-right:var(--wp--preset--spacing--medium);padding-bottom:var(--wp--preset--spacing--small);padding-left:var(--wp--preset--spacing--medium)\">\n<figure class=\"wp-block-image aligncenter size-full is-resized\"><img loading=\"lazy\" decoding=\"async\" width=\"500\" height=\"500\" src=\"https:\/\/alemello.com.br\/investfort\/wp-content\/uploads\/2025\/07\/investfort_doc_light.png\" alt=\"\" class=\"wp-image-120\" style=\"width:auto;height:30px\" srcset=\"https:\/\/alemello.com.br\/investfort\/wp-content\/uploads\/2025\/07\/investfort_doc_light.png 500w, https:\/\/alemello.com.br\/investfort\/wp-content\/uploads\/2025\/07\/investfort_doc_light-300x300.png 300w, https:\/\/alemello.com.br\/investfort\/wp-content\/uploads\/2025\/07\/investfort_doc_light-150x150.png 150w\" sizes=\"auto, (max-width: 500px) 100vw, 500px\" \/><\/figure>\n\n\n\n<h5 class=\"wp-block-heading has-text-align-center\">C\u00f3digo de \u00e9tica e Conduta<\/h5>\n<\/div>\n\n\n\n<div class=\"wp-block-group has-global-padding is-layout-constrained wp-container-core-group-is-layout-a575f136 wp-block-group-is-layout-constrained\" style=\"border-style:none;border-width:0px;padding-top:var(--wp--preset--spacing--small);padding-right:var(--wp--preset--spacing--medium);padding-bottom:var(--wp--preset--spacing--small);padding-left:var(--wp--preset--spacing--medium)\">\n<figure class=\"wp-block-image aligncenter size-full is-resized\"><img loading=\"lazy\" decoding=\"async\" width=\"500\" height=\"500\" src=\"https:\/\/alemello.com.br\/investfort\/wp-content\/uploads\/2025\/07\/investfort_doc_light.png\" alt=\"\" class=\"wp-image-120\" style=\"width:auto;height:30px\" srcset=\"https:\/\/alemello.com.br\/investfort\/wp-content\/uploads\/2025\/07\/investfort_doc_light.png 500w, https:\/\/alemello.com.br\/investfort\/wp-content\/uploads\/2025\/07\/investfort_doc_light-300x300.png 300w, https:\/\/alemello.com.br\/investfort\/wp-content\/uploads\/2025\/07\/investfort_doc_light-150x150.png 150w\" sizes=\"auto, (max-width: 500px) 100vw, 500px\" \/><\/figure>\n\n\n\n<h5 class=\"wp-block-heading has-text-align-center\">Formul\u00e1rio de Refer\u00eancia<\/h5>\n<\/div>\n\n\n\n<div class=\"wp-block-group wp-container-content-7ed1b8cc has-global-padding is-layout-constrained wp-container-core-group-is-layout-a575f136 wp-block-group-is-layout-constrained\" style=\"border-style:none;border-width:0px;padding-top:var(--wp--preset--spacing--small);padding-right:var(--wp--preset--spacing--medium);padding-bottom:var(--wp--preset--spacing--small);padding-left:var(--wp--preset--spacing--medium)\">\n<figure class=\"wp-block-image aligncenter size-full is-resized\"><img loading=\"lazy\" decoding=\"async\" width=\"500\" height=\"500\" src=\"https:\/\/alemello.com.br\/investfort\/wp-content\/uploads\/2025\/07\/investfort_doc_light.png\" alt=\"\" class=\"wp-image-120\" style=\"width:auto;height:30px\" srcset=\"https:\/\/alemello.com.br\/investfort\/wp-content\/uploads\/2025\/07\/investfort_doc_light.png 500w, https:\/\/alemello.com.br\/investfort\/wp-content\/uploads\/2025\/07\/investfort_doc_light-300x300.png 300w, https:\/\/alemello.com.br\/investfort\/wp-content\/uploads\/2025\/07\/investfort_doc_light-150x150.png 150w\" sizes=\"auto, (max-width: 500px) 100vw, 500px\" \/><\/figure>\n\n\n\n<h5 class=\"wp-block-heading has-text-align-center\">Contrata\u00e7\u00e3o de Prestadores de Servi\u00e7os<\/h5>\n<\/div>\n\n\n\n<div class=\"wp-block-group has-global-padding is-layout-constrained wp-container-core-group-is-layout-a575f136 wp-block-group-is-layout-constrained\" style=\"border-style:none;border-width:0px;padding-top:var(--wp--preset--spacing--small);padding-right:var(--wp--preset--spacing--medium);padding-bottom:var(--wp--preset--spacing--small);padding-left:var(--wp--preset--spacing--medium)\">\n<figure class=\"wp-block-image aligncenter size-full is-resized\"><img loading=\"lazy\" decoding=\"async\" width=\"500\" height=\"500\" src=\"https:\/\/alemello.com.br\/investfort\/wp-content\/uploads\/2025\/07\/investfort_doc_light.png\" alt=\"\" class=\"wp-image-120\" style=\"width:auto;height:30px\" srcset=\"https:\/\/alemello.com.br\/investfort\/wp-content\/uploads\/2025\/07\/investfort_doc_light.png 500w, https:\/\/alemello.com.br\/investfort\/wp-content\/uploads\/2025\/07\/investfort_doc_light-300x300.png 300w, https:\/\/alemello.com.br\/investfort\/wp-content\/uploads\/2025\/07\/investfort_doc_light-150x150.png 150w\" sizes=\"auto, (max-width: 500px) 100vw, 500px\" \/><\/figure>\n\n\n\n<h5 class=\"wp-block-heading has-text-align-center\">Controles Internos<\/h5>\n<\/div>\n<\/div>\n\n\n\n<div class=\"wp-block-group is-layout-grid wp-container-core-group-is-layout-847d6927 wp-block-group-is-layout-grid\" style=\"margin-top:var(--wp--preset--spacing--medium)\">\n<div class=\"wp-block-group has-global-padding is-layout-constrained wp-container-core-group-is-layout-a575f136 wp-block-group-is-layout-constrained\" style=\"border-style:none;border-width:0px;padding-top:var(--wp--preset--spacing--small);padding-right:var(--wp--preset--spacing--medium);padding-bottom:var(--wp--preset--spacing--small);padding-left:var(--wp--preset--spacing--medium)\">\n<figure class=\"wp-block-image aligncenter size-full is-resized\"><img loading=\"lazy\" decoding=\"async\" width=\"500\" height=\"500\" src=\"https:\/\/alemello.com.br\/investfort\/wp-content\/uploads\/2025\/07\/investfort_doc_light.png\" alt=\"\" class=\"wp-image-120\" style=\"width:auto;height:30px\" srcset=\"https:\/\/alemello.com.br\/investfort\/wp-content\/uploads\/2025\/07\/investfort_doc_light.png 500w, https:\/\/alemello.com.br\/investfort\/wp-content\/uploads\/2025\/07\/investfort_doc_light-300x300.png 300w, https:\/\/alemello.com.br\/investfort\/wp-content\/uploads\/2025\/07\/investfort_doc_light-150x150.png 150w\" sizes=\"auto, (max-width: 500px) 100vw, 500px\" \/><\/figure>\n\n\n\n<h5 class=\"wp-block-heading has-text-align-center\">Exerc\u00edcio de voto em Assembl\u00e9ia <\/h5>\n<\/div>\n\n\n\n<div class=\"wp-block-group has-global-padding is-layout-constrained wp-container-core-group-is-layout-a575f136 wp-block-group-is-layout-constrained\" style=\"border-style:none;border-width:0px;padding-top:var(--wp--preset--spacing--small);padding-right:var(--wp--preset--spacing--medium);padding-bottom:var(--wp--preset--spacing--small);padding-left:var(--wp--preset--spacing--medium)\">\n<figure class=\"wp-block-image aligncenter size-full is-resized\"><img loading=\"lazy\" decoding=\"async\" width=\"500\" height=\"500\" src=\"https:\/\/alemello.com.br\/investfort\/wp-content\/uploads\/2025\/07\/investfort_doc_light.png\" alt=\"\" class=\"wp-image-120\" style=\"width:auto;height:30px\" srcset=\"https:\/\/alemello.com.br\/investfort\/wp-content\/uploads\/2025\/07\/investfort_doc_light.png 500w, https:\/\/alemello.com.br\/investfort\/wp-content\/uploads\/2025\/07\/investfort_doc_light-300x300.png 300w, https:\/\/alemello.com.br\/investfort\/wp-content\/uploads\/2025\/07\/investfort_doc_light-150x150.png 150w\" sizes=\"auto, (max-width: 500px) 100vw, 500px\" \/><\/figure>\n\n\n\n<h5 class=\"wp-block-heading has-text-align-center\">Gerenciamento de risco de Liquidez<\/h5>\n<\/div>\n\n\n\n<div class=\"wp-block-group has-global-padding is-layout-constrained wp-container-core-group-is-layout-a575f136 wp-block-group-is-layout-constrained\" style=\"border-style:none;border-width:0px;padding-top:var(--wp--preset--spacing--small);padding-right:var(--wp--preset--spacing--medium);padding-bottom:var(--wp--preset--spacing--small);padding-left:var(--wp--preset--spacing--medium)\">\n<figure class=\"wp-block-image aligncenter size-full is-resized\"><img loading=\"lazy\" decoding=\"async\" width=\"500\" height=\"500\" src=\"https:\/\/alemello.com.br\/investfort\/wp-content\/uploads\/2025\/07\/investfort_doc_light.png\" alt=\"\" class=\"wp-image-120\" style=\"width:auto;height:30px\" srcset=\"https:\/\/alemello.com.br\/investfort\/wp-content\/uploads\/2025\/07\/investfort_doc_light.png 500w, https:\/\/alemello.com.br\/investfort\/wp-content\/uploads\/2025\/07\/investfort_doc_light-300x300.png 300w, https:\/\/alemello.com.br\/investfort\/wp-content\/uploads\/2025\/07\/investfort_doc_light-150x150.png 150w\" sizes=\"auto, (max-width: 500px) 100vw, 500px\" \/><\/figure>\n\n\n\n<h5 class=\"wp-block-heading has-text-align-center\">Gest\u00e3o de Risco <\/h5>\n<\/div>\n\n\n\n<div class=\"wp-block-group has-global-padding is-layout-constrained wp-container-core-group-is-layout-a575f136 wp-block-group-is-layout-constrained\" style=\"border-style:none;border-width:0px;padding-top:var(--wp--preset--spacing--small);padding-right:var(--wp--preset--spacing--medium);padding-bottom:var(--wp--preset--spacing--small);padding-left:var(--wp--preset--spacing--medium)\">\n<figure class=\"wp-block-image aligncenter size-full is-resized\"><img loading=\"lazy\" decoding=\"async\" width=\"500\" height=\"500\" src=\"https:\/\/alemello.com.br\/investfort\/wp-content\/uploads\/2025\/07\/investfort_doc_light.png\" alt=\"\" class=\"wp-image-120\" style=\"width:auto;height:30px\" srcset=\"https:\/\/alemello.com.br\/investfort\/wp-content\/uploads\/2025\/07\/investfort_doc_light.png 500w, https:\/\/alemello.com.br\/investfort\/wp-content\/uploads\/2025\/07\/investfort_doc_light-300x300.png 300w, https:\/\/alemello.com.br\/investfort\/wp-content\/uploads\/2025\/07\/investfort_doc_light-150x150.png 150w\" sizes=\"auto, (max-width: 500px) 100vw, 500px\" \/><\/figure>\n\n\n\n<h5 class=\"wp-block-heading has-text-align-center\">Negocia\u00e7\u00e3o de Valores Mobili\u00e1rios<\/h5>\n\n\n\n<p class=\"has-text-align-center has-custom-333333-color has-text-color has-link-color wp-elements-26d7ef4f53addba1e4aba79e278e56ce\" style=\"font-style:normal;font-weight:400\">Investimentos Pessoais \u2013 PIP<\/p>\n<\/div>\n<\/div>\n\n\n\n<div class=\"wp-block-group is-layout-grid wp-container-core-group-is-layout-847d6927 wp-block-group-is-layout-grid\" style=\"margin-top:var(--wp--preset--spacing--medium)\">\n<div class=\"wp-block-group has-global-padding is-layout-constrained wp-container-core-group-is-layout-a575f136 wp-block-group-is-layout-constrained\" style=\"border-style:none;border-width:0px;padding-top:var(--wp--preset--spacing--small);padding-right:var(--wp--preset--spacing--medium);padding-bottom:var(--wp--preset--spacing--small);padding-left:var(--wp--preset--spacing--medium)\">\n<figure class=\"wp-block-image aligncenter size-full is-resized\"><img loading=\"lazy\" decoding=\"async\" width=\"500\" height=\"500\" src=\"https:\/\/alemello.com.br\/investfort\/wp-content\/uploads\/2025\/07\/investfort_doc_light.png\" alt=\"\" class=\"wp-image-120\" style=\"width:auto;height:30px\" srcset=\"https:\/\/alemello.com.br\/investfort\/wp-content\/uploads\/2025\/07\/investfort_doc_light.png 500w, https:\/\/alemello.com.br\/investfort\/wp-content\/uploads\/2025\/07\/investfort_doc_light-300x300.png 300w, https:\/\/alemello.com.br\/investfort\/wp-content\/uploads\/2025\/07\/investfort_doc_light-150x150.png 150w\" sizes=\"auto, (max-width: 500px) 100vw, 500px\" \/><\/figure>\n\n\n\n<h5 class=\"wp-block-heading has-text-align-center\">Preven\u00e7\u00e3o \u00e0 Lavagem de Dinheiro e ao Financiamento do Terrorismo<\/h5>\n\n\n\n<p class=\"has-text-align-center has-custom-333333-color has-text-color has-link-color wp-elements-b79cca4aa2dd678b63b5f95d236465d4\"><strong>PLD\/FT<\/strong><\/p>\n<\/div>\n\n\n\n<div class=\"wp-block-group has-global-padding is-layout-constrained wp-container-core-group-is-layout-a575f136 wp-block-group-is-layout-constrained\" style=\"border-style:none;border-width:0px;padding-top:var(--wp--preset--spacing--small);padding-right:var(--wp--preset--spacing--medium);padding-bottom:var(--wp--preset--spacing--small);padding-left:var(--wp--preset--spacing--medium)\">\n<figure class=\"wp-block-image aligncenter size-full is-resized\"><img loading=\"lazy\" decoding=\"async\" width=\"500\" height=\"500\" src=\"https:\/\/alemello.com.br\/investfort\/wp-content\/uploads\/2025\/07\/investfort_doc_light.png\" alt=\"\" class=\"wp-image-120\" style=\"width:auto;height:30px\" srcset=\"https:\/\/alemello.com.br\/investfort\/wp-content\/uploads\/2025\/07\/investfort_doc_light.png 500w, https:\/\/alemello.com.br\/investfort\/wp-content\/uploads\/2025\/07\/investfort_doc_light-300x300.png 300w, https:\/\/alemello.com.br\/investfort\/wp-content\/uploads\/2025\/07\/investfort_doc_light-150x150.png 150w\" sizes=\"auto, (max-width: 500px) 100vw, 500px\" \/><\/figure>\n\n\n\n<h5 class=\"wp-block-heading has-text-align-center\">Rateio e Divis\u00e3o de Ordens<\/h5>\n<\/div>\n\n\n\n<div class=\"wp-block-group has-global-padding is-layout-constrained wp-container-core-group-is-layout-a575f136 wp-block-group-is-layout-constrained\" style=\"border-style:none;border-width:0px;padding-top:var(--wp--preset--spacing--small);padding-right:var(--wp--preset--spacing--medium);padding-bottom:var(--wp--preset--spacing--small);padding-left:var(--wp--preset--spacing--medium)\">\n<figure class=\"wp-block-image aligncenter size-full is-resized\"><img loading=\"lazy\" decoding=\"async\" width=\"500\" height=\"500\" src=\"https:\/\/alemello.com.br\/investfort\/wp-content\/uploads\/2025\/07\/investfort_doc_light.png\" alt=\"\" class=\"wp-image-120\" style=\"width:auto;height:30px\" srcset=\"https:\/\/alemello.com.br\/investfort\/wp-content\/uploads\/2025\/07\/investfort_doc_light.png 500w, https:\/\/alemello.com.br\/investfort\/wp-content\/uploads\/2025\/07\/investfort_doc_light-300x300.png 300w, https:\/\/alemello.com.br\/investfort\/wp-content\/uploads\/2025\/07\/investfort_doc_light-150x150.png 150w\" sizes=\"auto, (max-width: 500px) 100vw, 500px\" \/><\/figure>\n\n\n\n<h5 class=\"wp-block-heading has-text-align-center\"> Seguran\u00e7a da Informa\u00e7\u00e3o<\/h5>\n<\/div>\n\n\n\n<div class=\"wp-block-group has-global-padding is-layout-constrained wp-container-core-group-is-layout-a575f136 wp-block-group-is-layout-constrained\" style=\"border-style:none;border-width:0px;padding-top:var(--wp--preset--spacing--small);padding-right:var(--wp--preset--spacing--medium);padding-bottom:var(--wp--preset--spacing--small);padding-left:var(--wp--preset--spacing--medium)\">\n<figure class=\"wp-block-image aligncenter size-full is-resized\"><img loading=\"lazy\" decoding=\"async\" width=\"500\" height=\"500\" src=\"https:\/\/alemello.com.br\/investfort\/wp-content\/uploads\/2025\/07\/investfort_doc_light.png\" alt=\"\" class=\"wp-image-120\" style=\"width:auto;height:30px\" srcset=\"https:\/\/alemello.com.br\/investfort\/wp-content\/uploads\/2025\/07\/investfort_doc_light.png 500w, https:\/\/alemello.com.br\/investfort\/wp-content\/uploads\/2025\/07\/investfort_doc_light-300x300.png 300w, https:\/\/alemello.com.br\/investfort\/wp-content\/uploads\/2025\/07\/investfort_doc_light-150x150.png 150w\" sizes=\"auto, (max-width: 500px) 100vw, 500px\" \/><\/figure>\n\n\n\n<h5 class=\"wp-block-heading has-text-align-center\">Regulamento do Investfort Penedo FI Financeiro A\u00e7\u00f5es<\/h5>\n<\/div>\n<\/div>\n\n\n\n<p><\/p>\n","protected":false},"excerpt":{"rendered":"<p>A Investfort Gest\u00e3o de Investimentos Ltda, CNPJ 11.313.045\/0001-32, \u00e9 credenciada pela CVM atrav\u00e9s do Ato Declarat\u00f3rio n\u00ba 10.932, de 15\/03\/2010, e aderente aos C\u00f3digos de Regula\u00e7\u00e3o e Melhores Pr\u00e1ticas da ANBIMA. Com o objetivo de garantir a conformidade com a regulamenta\u00e7\u00e3o vigente, disponibilizamos os seguintes documentos: Com o objetivo de garantir a conformidade com a [&hellip;]<\/p>\n","protected":false},"author":1,"featured_media":0,"parent":0,"menu_order":0,"comment_status":"closed","ping_status":"closed","template":"","meta":{"footnotes":""},"class_list":["post-173","page","type-page","status-publish","hentry"],"_links":{"self":[{"href":"https:\/\/alemello.com.br\/investfort\/wp-json\/wp\/v2\/pages\/173","targetHints":{"allow":["GET"]}}],"collection":[{"href":"https:\/\/alemello.com.br\/investfort\/wp-json\/wp\/v2\/pages"}],"about":[{"href":"https:\/\/alemello.com.br\/investfort\/wp-json\/wp\/v2\/types\/page"}],"author":[{"embeddable":true,"href":"https:\/\/alemello.com.br\/investfort\/wp-json\/wp\/v2\/users\/1"}],"replies":[{"embeddable":true,"href":"https:\/\/alemello.com.br\/investfort\/wp-json\/wp\/v2\/comments?post=173"}],"version-history":[{"count":5,"href":"https:\/\/alemello.com.br\/investfort\/wp-json\/wp\/v2\/pages\/173\/revisions"}],"predecessor-version":[{"id":210,"href":"https:\/\/alemello.com.br\/investfort\/wp-json\/wp\/v2\/pages\/173\/revisions\/210"}],"wp:attachment":[{"href":"https:\/\/alemello.com.br\/investfort\/wp-json\/wp\/v2\/media?parent=173"}],"curies":[{"name":"wp","href":"https:\/\/api.w.org\/{rel}","templated":true}]}}